{"id":12045,"date":"2025-09-08T13:04:29","date_gmt":"2025-09-08T13:04:29","guid":{"rendered":"https:\/\/www.prismainstrumentshop.com\/en\/?post_type=product&#038;p=12045"},"modified":"2026-02-12T14:38:13","modified_gmt":"2026-02-12T14:38:13","slug":"manometre-inox-raccord-laiton-63mm","status":"publish","type":"product","link":"https:\/\/www.prismainstrumentshop.com\/en\/product\/manometre-inox-raccord-laiton-63mm\/","title":{"rendered":"Brass fitting pressure gauge 63mm"},"content":{"rendered":"<p>Les manom\u00e8tres BSPGL de Prisma Instruments sont fabriqu\u00e9s avec un boitier en acier inoxydable AISI 304 et un raccord en Laiton. Le cadran est en aluminium blanc avec des graduations et des nombres en noirs pour une lisibilit\u00e9 optimale. De technologie tube de Bourdon originelle, les jauges sont fabriqu\u00e9es conform\u00e9ment \u00e0 la norme EN 837-1. Ils sont pr\u00e9cis \u00e0 1.6 % de la pleine \u00e9chelle. Les manom\u00e8tres m\u00e9caniques sont disponibles avec une connexion arri\u00e8re ou verticale ainsi qu\u2019une taille de cadran de 100 ou 63 mm. D\u2019innombrables options sont disponibles comme le r\u00e9glage du z\u00e9ro, la double \u00e9chelle, le remplissage glyc\u00e9rine ou le nettoyage pour une utilisation avec de l\u2019oxyg\u00e8ne. Des accessoires peuvent \u00e9galement \u00eatre fournis avec les manom\u00e8tres, comme des s\u00e9parateurs (fluides tr\u00e8s corrosifs) les vannes, les manifolds, les adaptateurs ou les tours de refroidissement pour une utilisation en haute temp\u00e9rante.<\/p>\n<p><strong>Caract\u00e9ristiques et avantages<\/strong><\/p>\n<p>\u2022 Pointeur en aluminium \u00e9quilibr\u00e9 noir<br \/>\n\u2022 Indice de protection IP65<br \/>\n\u2022 Tube de Bourdon en m\u00e9tal cuivreux<br \/>\n\u2022 Assemblage \u00e0 connexion de tube soud\u00e9e<br \/>\n\u2022 Raccord en laiton<br \/>\n\u2022 Classe 1.6<br \/>\n\u2022 Diam\u00e8tres de jauge de 63 ou 100 mm<\/p>\n<p><strong>Applications<br \/>\n<\/strong><\/p>\n<p>\u2022 Hydraulique &amp; pneumatique<br \/>\n\u2022 Plomberie<br \/>\n\u2022 Moteurs diesel<br \/>\n\u2022 Compresseurs<br \/>\n\u2022 Equipements agricoles<br \/>\n\u2022 Travaux publics<br \/>\n\u2022 Machines-outils<br \/>\n\u2022 Pompes<\/p>\n","protected":false},"excerpt":{"rendered":"<p>Les manom\u00e8tres BSPGL de Prisma Instruments sont fabriqu\u00e9s avec un boitier en acier inoxydable AISI 304 et un raccord en Laiton. Le cadran est en aluminium blanc avec des graduations et des nombres en noirs pour une lisibilit\u00e9 optimale. De technologie tube de Bourdon originelle, les jauges sont fabriqu\u00e9es conform\u00e9ment \u00e0 la norme EN 837-1. &hellip; <a href=\"https:\/\/www.prismainstrumentshop.com\/en\/product\/manometre-inox-raccord-laiton-63mm\/\" class=\"more-link\">Continue reading <span class=\"screen-reader-text\">Brass fitting pressure gauge 63mm<\/span><\/a><\/p>\n","protected":false},"featured_media":12046,"comment_status":"open","ping_status":"closed","template":"","meta":[],"product_brand":[],"product_cat":[15],"product_tag":[],"class_list":{"0":"post-12045","1":"product","2":"type-product","3":"status-publish","4":"has-post-thumbnail","6":"product_cat-pressure","9":"instock","10":"shipping-taxable","11":"product-type-simple"},"_links":{"self":[{"href":"https:\/\/www.prismainstrumentshop.com\/en\/wp-json\/wp\/v2\/product\/12045","targetHints":{"allow":["GET"]}}],"collection":[{"href":"https:\/\/www.prismainstrumentshop.com\/en\/wp-json\/wp\/v2\/product"}],"about":[{"href":"https:\/\/www.prismainstrumentshop.com\/en\/wp-json\/wp\/v2\/types\/product"}],"replies":[{"embeddable":true,"href":"https:\/\/www.prismainstrumentshop.com\/en\/wp-json\/wp\/v2\/comments?post=12045"}],"version-history":[{"count":3,"href":"https:\/\/www.prismainstrumentshop.com\/en\/wp-json\/wp\/v2\/product\/12045\/revisions"}],"predecessor-version":[{"id":12395,"href":"https:\/\/www.prismainstrumentshop.com\/en\/wp-json\/wp\/v2\/product\/12045\/revisions\/12395"}],"wp:featuredmedia":[{"embeddable":true,"href":"https:\/\/www.prismainstrumentshop.com\/en\/wp-json\/wp\/v2\/media\/12046"}],"wp:attachment":[{"href":"https:\/\/www.prismainstrumentshop.com\/en\/wp-json\/wp\/v2\/media?parent=12045"}],"wp:term":[{"taxonomy":"product_brand","embeddable":true,"href":"https:\/\/www.prismainstrumentshop.com\/en\/wp-json\/wp\/v2\/product_brand?post=12045"},{"taxonomy":"product_cat","embeddable":true,"href":"https:\/\/www.prismainstrumentshop.com\/en\/wp-json\/wp\/v2\/product_cat?post=12045"},{"taxonomy":"product_tag","embeddable":true,"href":"https:\/\/www.prismainstrumentshop.com\/en\/wp-json\/wp\/v2\/product_tag?post=12045"}],"curies":[{"name":"wp","href":"https:\/\/api.w.org\/{rel}","templated":true}]}}